{"id":49,"date":"2023-02-01T13:46:03","date_gmt":"2023-02-01T13:46:03","guid":{"rendered":"https:\/\/preprod-sunreva.devdesite.com\/?page_id=49"},"modified":"2024-03-01T14:56:54","modified_gmt":"2024-03-01T14:56:54","slug":"engagements","status":"publish","type":"page","link":"https:\/\/maydayweb.fr\/sunreva\/engagements\/","title":{"rendered":"Nos engagements"},"content":{"rendered":"","protected":false},"excerpt":{"rendered":"","protected":false},"author":1,"featured_media":0,"parent":0,"menu_order":0,"comment_status":"closed","ping_status":"closed","template":"","meta":{"_acf_changed":false,"_seopress_robots_primary_cat":"","_seopress_titles_title":"Vacances r\u00e9ussies et Campings de qualit\u00e9 avec Sunreva","_seopress_titles_desc":"R\u00e9servez votre location en camping et r\u00e9sidences de vacances en toute s\u00e9r\u00e9nit\u00e9. Laissez-vous guider avec un large choix de s\u00e9jours !","_seopress_robots_index":"","inline_featured_image":false,"footnotes":""},"class_list":["post-49","page","type-page","status-publish","hentry"],"acf":[],"_links":{"self":[{"href":"https:\/\/maydayweb.fr\/sunreva\/wp-json\/wp\/v2\/pages\/49","targetHints":{"allow":["GET"]}}],"collection":[{"href":"https:\/\/maydayweb.fr\/sunreva\/wp-json\/wp\/v2\/pages"}],"about":[{"href":"https:\/\/maydayweb.fr\/sunreva\/wp-json\/wp\/v2\/types\/page"}],"author":[{"embeddable":true,"href":"https:\/\/maydayweb.fr\/sunreva\/wp-json\/wp\/v2\/users\/1"}],"replies":[{"embeddable":true,"href":"https:\/\/maydayweb.fr\/sunreva\/wp-json\/wp\/v2\/comments?post=49"}],"version-history":[{"count":2,"href":"https:\/\/maydayweb.fr\/sunreva\/wp-json\/wp\/v2\/pages\/49\/revisions"}],"predecessor-version":[{"id":438,"href":"https:\/\/maydayweb.fr\/sunreva\/wp-json\/wp\/v2\/pages\/49\/revisions\/438"}],"wp:attachment":[{"href":"https:\/\/maydayweb.fr\/sunreva\/wp-json\/wp\/v2\/media?parent=49"}],"curies":[{"name":"wp","href":"https:\/\/api.w.org\/{rel}","templated":true}]}}