{"id":22,"date":"2023-02-01T09:52:28","date_gmt":"2023-02-01T09:52:28","guid":{"rendered":"https:\/\/preprod-sunreva.devdesite.com\/?page_id=22"},"modified":"2024-03-19T14:06:28","modified_gmt":"2024-03-19T14:06:28","slug":"destinations","status":"publish","type":"page","link":"https:\/\/maydayweb.fr\/sunreva\/destinations\/","title":{"rendered":"Nos destinations"},"content":{"rendered":"","protected":false},"excerpt":{"rendered":"","protected":false},"author":1,"featured_media":0,"parent":0,"menu_order":0,"comment_status":"closed","ping_status":"closed","template":"","meta":{"_acf_changed":false,"_seopress_robots_primary_cat":"","_seopress_titles_title":"S\u00e9jours et Camping en France et en Europe","_seopress_titles_desc":"D\u00e9couvrez nos campings en Corse, en M\u00e9diterran\u00e9e, \u00e0 l&#039;Oc\u00e9an, en Espagne, Italie et Portugal, locations de mobil home et bungalow !\r\n ","_seopress_robots_index":"","inline_featured_image":false,"footnotes":""},"class_list":["post-22","page","type-page","status-publish","hentry"],"acf":[],"_links":{"self":[{"href":"https:\/\/maydayweb.fr\/sunreva\/wp-json\/wp\/v2\/pages\/22","targetHints":{"allow":["GET"]}}],"collection":[{"href":"https:\/\/maydayweb.fr\/sunreva\/wp-json\/wp\/v2\/pages"}],"about":[{"href":"https:\/\/maydayweb.fr\/sunreva\/wp-json\/wp\/v2\/types\/page"}],"author":[{"embeddable":true,"href":"https:\/\/maydayweb.fr\/sunreva\/wp-json\/wp\/v2\/users\/1"}],"replies":[{"embeddable":true,"href":"https:\/\/maydayweb.fr\/sunreva\/wp-json\/wp\/v2\/comments?post=22"}],"version-history":[{"count":3,"href":"https:\/\/maydayweb.fr\/sunreva\/wp-json\/wp\/v2\/pages\/22\/revisions"}],"predecessor-version":[{"id":439,"href":"https:\/\/maydayweb.fr\/sunreva\/wp-json\/wp\/v2\/pages\/22\/revisions\/439"}],"wp:attachment":[{"href":"https:\/\/maydayweb.fr\/sunreva\/wp-json\/wp\/v2\/media?parent=22"}],"curies":[{"name":"wp","href":"https:\/\/api.w.org\/{rel}","templated":true}]}}