{"id":186,"date":"2023-06-27T12:42:33","date_gmt":"2023-06-27T12:42:33","guid":{"rendered":"https:\/\/maydayweb.fr\/sunreva\/?page_id=186"},"modified":"2024-03-01T14:55:32","modified_gmt":"2024-03-01T14:55:32","slug":"elus-cse","status":"publish","type":"page","link":"https:\/\/maydayweb.fr\/sunreva\/elus-cse\/","title":{"rendered":"Elus CSE"},"content":{"rendered":"","protected":false},"excerpt":{"rendered":"","protected":false},"author":1,"featured_media":0,"parent":0,"menu_order":0,"comment_status":"closed","ping_status":"closed","template":"","meta":{"_acf_changed":false,"_seopress_robots_primary_cat":"","_seopress_titles_title":"Camping CSE - Sunreva","_seopress_titles_desc":"D\u00e9couvrez notre offres et tarif pr\u00e9f\u00e9rentiels pour les Vacances et Camping CSE - Sunreva ","_seopress_robots_index":"","inline_featured_image":false,"footnotes":""},"class_list":["post-186","page","type-page","status-publish","hentry"],"acf":[],"_links":{"self":[{"href":"https:\/\/maydayweb.fr\/sunreva\/wp-json\/wp\/v2\/pages\/186","targetHints":{"allow":["GET"]}}],"collection":[{"href":"https:\/\/maydayweb.fr\/sunreva\/wp-json\/wp\/v2\/pages"}],"about":[{"href":"https:\/\/maydayweb.fr\/sunreva\/wp-json\/wp\/v2\/types\/page"}],"author":[{"embeddable":true,"href":"https:\/\/maydayweb.fr\/sunreva\/wp-json\/wp\/v2\/users\/1"}],"replies":[{"embeddable":true,"href":"https:\/\/maydayweb.fr\/sunreva\/wp-json\/wp\/v2\/comments?post=186"}],"version-history":[{"count":2,"href":"https:\/\/maydayweb.fr\/sunreva\/wp-json\/wp\/v2\/pages\/186\/revisions"}],"predecessor-version":[{"id":437,"href":"https:\/\/maydayweb.fr\/sunreva\/wp-json\/wp\/v2\/pages\/186\/revisions\/437"}],"wp:attachment":[{"href":"https:\/\/maydayweb.fr\/sunreva\/wp-json\/wp\/v2\/media?parent=186"}],"curies":[{"name":"wp","href":"https:\/\/api.w.org\/{rel}","templated":true}]}}